{"id":2,"date":"2025-12-31T13:12:01","date_gmt":"2025-12-31T13:12:01","guid":{"rendered":"https:\/\/opsearch.fr\/?page_id=2"},"modified":"2026-01-02T14:00:44","modified_gmt":"2026-01-02T14:00:44","slug":"sample-page","status":"publish","type":"page","link":"https:\/\/opsearch.fr\/?page_id=2","title":{"rendered":"Information de service &#8211; OP SEARCH"},"content":{"rendered":"\n<figure class=\"wp-block-image size-full is-resized\" style=\"margin-top:0;margin-right:0px;margin-bottom:0;margin-left:0px\"><img loading=\"lazy\" decoding=\"async\" width=\"200\" height=\"200\" src=\"https:\/\/opsearch.fr\/wp-content\/uploads\/2026\/01\/opsearch_logo.jpg\" alt=\"\" class=\"wp-image-8\" style=\"width:395px\" srcset=\"https:\/\/opsearch.fr\/wp-content\/uploads\/2026\/01\/opsearch_logo.jpg 200w, https:\/\/opsearch.fr\/wp-content\/uploads\/2026\/01\/opsearch_logo-150x150.jpg 150w\" sizes=\"auto, (max-width: 200px) 100vw, 200px\" \/><\/figure>\n\n\n\n<p>Notre domaine principal <strong>opsearch.com<\/strong> rencontre actuellement des difficult\u00e9s d&rsquo;acc\u00e8s technique*. Nous mettons tout en \u0153uvre pour r\u00e9tablir la liaison dans les plus brefs d\u00e9lais.<\/p>\n\n\n\n<p><\/p>\n\n\n\n<p><strong>Pour toute information, vous pouvez contacter le si\u00e8ge au : 01 40 67 01 01<\/strong><\/p>\n\n\n\n<p>Ou par email : <strong>assistante@opsearch.fr<\/strong><\/p>\n\n\n\n<p><\/p>\n\n\n\n<p>Nous vous remercions de votre compr\u00e9hension en attendant que la situation revienne \u00e0 la normale.<\/p>\n\n\n\n<p><\/p>\n\n\n\n<p>\ud83d\udd12 Voir le certificat de propri\u00e9t\u00e9 du <a href=\"https:\/\/fr.godaddy.com\/whois\/results.aspx?itc=dlp_domain_whois&amp;domain=opsearch.fr\">domaine (WHOIS)<\/a><\/p>\n\n\n\n<p><\/p>\n\n\n\n<p><em>Cet incident est li\u00e9 \u00e0 la gestion technique du nom de domaine. Il ne s&rsquo;agit en aucun cas d&rsquo;une cyberattaque ; aucune donn\u00e9e n&rsquo;est compromise et l&rsquo;int\u00e9grit\u00e9 de nos syst\u00e8mes est garantie.<\/em><\/p>\n\n\n\n<p><\/p>\n","protected":false},"excerpt":{"rendered":"<p>Notre domaine principal opsearch.com rencontre actuellement des difficult\u00e9s d&rsquo;acc\u00e8s technique*. Nous mettons tout en \u0153uvre pour r\u00e9tablir la liaison dans les plus brefs d\u00e9lais. Pour toute information, vous pouvez contacter le si\u00e8ge au : 01 40 67 01 01 Ou par email : assistante@opsearch.fr Nous vous remercions de votre compr\u00e9hension en attendant que la situation [&hellip;]<\/p>\n","protected":false},"author":1,"featured_media":0,"parent":0,"menu_order":0,"comment_status":"closed","ping_status":"open","template":"","meta":{"footnotes":""},"class_list":["post-2","page","type-page","status-publish","hentry"],"_links":{"self":[{"href":"https:\/\/opsearch.fr\/index.php?rest_route=\/wp\/v2\/pages\/2","targetHints":{"allow":["GET"]}}],"collection":[{"href":"https:\/\/opsearch.fr\/index.php?rest_route=\/wp\/v2\/pages"}],"about":[{"href":"https:\/\/opsearch.fr\/index.php?rest_route=\/wp\/v2\/types\/page"}],"author":[{"embeddable":true,"href":"https:\/\/opsearch.fr\/index.php?rest_route=\/wp\/v2\/users\/1"}],"replies":[{"embeddable":true,"href":"https:\/\/opsearch.fr\/index.php?rest_route=%2Fwp%2Fv2%2Fcomments&post=2"}],"version-history":[{"count":2,"href":"https:\/\/opsearch.fr\/index.php?rest_route=\/wp\/v2\/pages\/2\/revisions"}],"predecessor-version":[{"id":9,"href":"https:\/\/opsearch.fr\/index.php?rest_route=\/wp\/v2\/pages\/2\/revisions\/9"}],"wp:attachment":[{"href":"https:\/\/opsearch.fr\/index.php?rest_route=%2Fwp%2Fv2%2Fmedia&parent=2"}],"curies":[{"name":"wp","href":"https:\/\/api.w.org\/{rel}","templated":true}]}}